{"id":186,"date":"2025-08-23T01:44:07","date_gmt":"2025-08-22T22:44:07","guid":{"rendered":"https:\/\/www.ecemticaret.com\/?page_id=186"},"modified":"2025-08-23T01:59:33","modified_gmt":"2025-08-22T22:59:33","slug":"iletisim","status":"publish","type":"page","link":"https:\/\/www.ecemticaret.com\/pasifiktelekom\/iletisim\/","title":{"rendered":"\u0130leti\u015fim"},"content":{"rendered":"\t\t<div data-elementor-type=\"wp-page\" data-elementor-id=\"186\" class=\"elementor elementor-186\" data-elementor-post-type=\"page\">\n\t\t\t\t<div class=\"elementor-element elementor-element-e6ece7b e-flex e-con-boxed e-con e-parent\" data-id=\"e6ece7b\" data-element_type=\"container\" data-e-type=\"container\">\n\t\t\t\t\t<div class=\"e-con-inner\">\n\t\t\t\t<div class=\"elementor-element elementor-element-a4e38b1 elementor-widget elementor-widget-heading\" data-id=\"a4e38b1\" data-element_type=\"widget\" data-e-type=\"widget\" data-widget_type=\"heading.default\">\n\t\t\t\t\t<h1 class=\"elementor-heading-title elementor-size-default\">\u0130leti\u015fim<\/h1>\t\t\t\t<\/div>\n\t\t\t\t\t<\/div>\n\t\t\t\t<\/div>\n\t\t<div class=\"elementor-element elementor-element-4519bb3 e-flex e-con-boxed e-con e-parent\" data-id=\"4519bb3\" data-element_type=\"container\" data-e-type=\"container\">\n\t\t\t\t\t<div class=\"e-con-inner\">\n\t\t\t\t<div class=\"elementor-element elementor-element-6b2962c elementor-widget elementor-widget-google_maps\" data-id=\"6b2962c\" data-element_type=\"widget\" data-e-type=\"widget\" data-widget_type=\"google_maps.default\">\n\t\t\t\t\t\t\t<div class=\"elementor-custom-embed\">\n\t\t\t<iframe loading=\"lazy\"\n\t\t\t\t\tsrc=\"https:\/\/maps.google.com\/maps?q=ecem%20ticaret%20g%C3%B6rele&#038;t=m&#038;z=15&#038;output=embed&#038;iwloc=near\"\n\t\t\t\t\ttitle=\"ecem ticaret g\u00f6rele\"\n\t\t\t\t\taria-label=\"ecem ticaret g\u00f6rele\"\n\t\t\t><\/iframe>\n\t\t<\/div>\n\t\t\t\t\t\t<\/div>\n\t\t\t\t\t<\/div>\n\t\t\t\t<\/div>\n\t\t<div class=\"elementor-element elementor-element-9391c50 e-flex e-con-boxed e-con e-parent\" data-id=\"9391c50\" data-element_type=\"container\" data-e-type=\"container\">\n\t\t\t\t\t<div class=\"e-con-inner\">\n\t\t\t\t<div class=\"elementor-element elementor-element-644dbfe elementor-alert-info elementor-widget elementor-widget-alert\" data-id=\"644dbfe\" data-element_type=\"widget\" data-e-type=\"widget\" data-widget_type=\"alert.default\">\n\t\t\t\t\t\t\t<div class=\"elementor-alert\" role=\"alert\">\n\n\t\t\t\t\t\t<span class=\"elementor-alert-title\">Adres<\/span>\n\t\t\t\n\t\t\t\t\t\t<span class=\"elementor-alert-description\">Kumyal\u0131 Mah. Karahac\u0131o\u011flu Sokak No:6\/C G\u00f6rele\/G\u0130RESUN<\/span>\n\t\t\t\n\t\t\t\t\t\t<button type=\"button\" class=\"elementor-alert-dismiss\" aria-label=\"Bu uyar\u0131y\u0131 kapat\u0131n.\">\n\t\t\t\t\t\t\t\t\t<span aria-hidden=\"true\">&times;<\/span>\n\t\t\t\t\t\t\t<\/button>\n\t\t\t\n\t\t<\/div>\n\t\t\t\t\t\t<\/div>\n\t\t\t\t\t<\/div>\n\t\t\t\t<\/div>\n\t\t<div class=\"elementor-element elementor-element-36e902a e-flex e-con-boxed e-con e-parent\" data-id=\"36e902a\" data-element_type=\"container\" data-e-type=\"container\">\n\t\t\t\t\t<div class=\"e-con-inner\">\n\t\t\t\t<div class=\"elementor-element elementor-element-047fc08 elementor-alert-success elementor-widget elementor-widget-alert\" data-id=\"047fc08\" data-element_type=\"widget\" data-e-type=\"widget\" data-widget_type=\"alert.default\">\n\t\t\t\t\t\t\t<div class=\"elementor-alert\" role=\"alert\">\n\n\t\t\t\t\t\t<span class=\"elementor-alert-title\">Telefon<\/span>\n\t\t\t\n\t\t\t\t\t\t<span class=\"elementor-alert-description\">+905455135959<\/span>\n\t\t\t\n\t\t\t\t\t\t<button type=\"button\" class=\"elementor-alert-dismiss\" aria-label=\"Bu uyar\u0131y\u0131 kapat\u0131n.\">\n\t\t\t\t\t\t\t\t\t<span aria-hidden=\"true\">&times;<\/span>\n\t\t\t\t\t\t\t<\/button>\n\t\t\t\n\t\t<\/div>\n\t\t\t\t\t\t<\/div>\n\t\t\t\t\t<\/div>\n\t\t\t\t<\/div>\n\t\t<div class=\"elementor-element elementor-element-cb623e4 e-flex e-con-boxed e-con e-parent\" data-id=\"cb623e4\" data-element_type=\"container\" data-e-type=\"container\">\n\t\t\t\t\t<div class=\"e-con-inner\">\n\t\t\t\t<div class=\"elementor-element elementor-element-1722cd5 elementor-alert-warning elementor-widget elementor-widget-alert\" data-id=\"1722cd5\" data-element_type=\"widget\" data-e-type=\"widget\" data-widget_type=\"alert.default\">\n\t\t\t\t\t\t\t<div class=\"elementor-alert\" role=\"alert\">\n\n\t\t\t\t\t\t<span class=\"elementor-alert-title\">E-Posta<\/span>\n\t\t\t\n\t\t\t\t\t\t<span class=\"elementor-alert-description\">info@ecemticaret.com<\/span>\n\t\t\t\n\t\t\t\t\t\t<button type=\"button\" class=\"elementor-alert-dismiss\" aria-label=\"Bu uyar\u0131y\u0131 kapat\u0131n.\">\n\t\t\t\t\t\t\t\t\t<span aria-hidden=\"true\">&times;<\/span>\n\t\t\t\t\t\t\t<\/button>\n\t\t\t\n\t\t<\/div>\n\t\t\t\t\t\t<\/div>\n\t\t\t\t\t<\/div>\n\t\t\t\t<\/div>\n\t\t\t\t<\/div>\n\t\t","protected":false},"excerpt":{"rendered":"<p>\u0130leti\u015fim Adres Kumyal\u0131 Mah. Karahac\u0131o\u011flu Sokak No:6\/C G\u00f6rele\/G\u0130RESUN &times; Telefon +905455135959 &times; E-Posta info@ecemticaret.com &times;<\/p>\n","protected":false},"author":1,"featured_media":0,"parent":0,"menu_order":0,"comment_status":"closed","ping_status":"closed","template":"","meta":{"footnotes":""},"class_list":["post-186","page","type-page","status-publish","hentry"],"_links":{"self":[{"href":"https:\/\/www.ecemticaret.com\/pasifiktelekom\/wp-json\/wp\/v2\/pages\/186","targetHints":{"allow":["GET"]}}],"collection":[{"href":"https:\/\/www.ecemticaret.com\/pasifiktelekom\/wp-json\/wp\/v2\/pages"}],"about":[{"href":"https:\/\/www.ecemticaret.com\/pasifiktelekom\/wp-json\/wp\/v2\/types\/page"}],"author":[{"embeddable":true,"href":"https:\/\/www.ecemticaret.com\/pasifiktelekom\/wp-json\/wp\/v2\/users\/1"}],"replies":[{"embeddable":true,"href":"https:\/\/www.ecemticaret.com\/pasifiktelekom\/wp-json\/wp\/v2\/comments?post=186"}],"version-history":[{"count":7,"href":"https:\/\/www.ecemticaret.com\/pasifiktelekom\/wp-json\/wp\/v2\/pages\/186\/revisions"}],"predecessor-version":[{"id":203,"href":"https:\/\/www.ecemticaret.com\/pasifiktelekom\/wp-json\/wp\/v2\/pages\/186\/revisions\/203"}],"wp:attachment":[{"href":"https:\/\/www.ecemticaret.com\/pasifiktelekom\/wp-json\/wp\/v2\/media?parent=186"}],"curies":[{"name":"wp","href":"https:\/\/api.w.org\/{rel}","templated":true}]}}